{"id":2,"date":"2016-05-10T03:48:21","date_gmt":"2016-05-10T03:48:21","guid":{"rendered":"http:\/\/ozit.de\/?page_id=2"},"modified":"2021-02-05T12:28:33","modified_gmt":"2021-02-05T11:28:33","slug":"sample-page","status":"publish","type":"page","link":"https:\/\/oz-it.de\/","title":{"rendered":"Beratung &#8211; Realisierung &#8211; Wartung"},"content":{"rendered":"<p id=\"h.p_umu9uUAlYOz5\" class=\"zfr3Q\"><img loading=\"lazy\" decoding=\"async\" class=\"size-full wp-image-22 alignleft\" src=\"https:\/\/oz-it.de\/wp-content\/uploads\/2018\/12\/man2.png\" alt=\"\" width=\"107\" height=\"222\" \/>Seit Jahren ist die OZ IT erfolgreich in der Umsetzung kundenindividueller L\u00f6sungen. Sowohl im Telekommunikationsbereich, als auch der IT sorgen wir bei unseren Kunden f\u00fcr einen echten Mehrwert durch die eingesetzten Produkte.<\/p>\n<p id=\"h.p_F_JFoy-iYPjQ\" class=\"zfr3Q\">Unsere Kunden sch\u00e4tzen vor allem unsere schnelle Reaktion und die zuverl\u00e4ssige Umsetzung.<\/p>\n<p id=\"h.p_qn6VSqc8YPjW\" class=\"zfr3Q\">Wir betrachten jeden Kunden individuell und beraten ganz nach seinen Bed\u00fcrfnissen. Das erreichen wir durch einen hohen Ausbildungsgrad aller unserer Mitarbeiter, die sich auch fortlaufend weiterbilden.<\/p>\n<p id=\"h.p_lM0uLAFpYPja\" class=\"zfr3Q\">Rufen Sie uns gerne an und vereinbaren Sie einen Termin mit uns. Wir besuchen Sie oder laden Sie auf einen Kaffee oder Tee in unsere R\u00e4ume ein.<\/p>\n\n\n<p class=\"wp-block-paragraph\"><strong> Lesen Sie auch unseren Blog mit Neuigkeiten und interessanten Informationen <\/strong><\/p>\n\n\n\n<figure class=\"wp-block-image size-large is-resized\"><img loading=\"lazy\" decoding=\"async\" src=\"https:\/\/oz-it.de\/wp-content\/uploads\/2020\/03\/blog-793047_1920-1024x680.jpg\" alt=\"\" class=\"wp-image-179\" width=\"178\" height=\"118\" srcset=\"https:\/\/oz-it.de\/wp-content\/uploads\/2020\/03\/blog-793047_1920-1024x680.jpg 1024w, https:\/\/oz-it.de\/wp-content\/uploads\/2020\/03\/blog-793047_1920-300x199.jpg 300w, https:\/\/oz-it.de\/wp-content\/uploads\/2020\/03\/blog-793047_1920-768x510.jpg 768w, https:\/\/oz-it.de\/wp-content\/uploads\/2020\/03\/blog-793047_1920-1536x1020.jpg 1536w, https:\/\/oz-it.de\/wp-content\/uploads\/2020\/03\/blog-793047_1920-1200x797.jpg 1200w, https:\/\/oz-it.de\/wp-content\/uploads\/2020\/03\/blog-793047_1920.jpg 1920w\" sizes=\"auto, (max-width: 178px) 85vw, 178px\" \/><\/figure>\n\n\n<ul class=\"wp-block-latest-posts__list has-dates wp-block-latest-posts\"><li><a class=\"wp-block-latest-posts__post-title\" href=\"https:\/\/oz-it.de\/?p=787\">Alternativen zu Microsoft Office<\/a><time datetime=\"2026-02-02T12:22:05+01:00\" class=\"wp-block-latest-posts__post-date\">Februar 2, 2026<\/time><div class=\"wp-block-latest-posts__post-excerpt\">Office-Programme kennt nahezu jeder Mensch. Der Standard f\u00fcr Produktivit\u00e4tstools f\u00fcr das B\u00fcro ist Microsoft Office. Microsoft forciert seit Jahren die &hellip; <a href=\"https:\/\/oz-it.de\/?p=787\" class=\"more-link\"><span class=\"screen-reader-text\">\u201eAlternativen zu Microsoft Office\u201c <\/span>weiterlesen<\/a><\/div><\/li>\n<\/ul>\n\n\n<p class=\"wp-block-paragraph\"><\/p>\n","protected":false},"excerpt":{"rendered":"<p>Seit Jahren ist die OZ IT erfolgreich in der Umsetzung kundenindividueller L\u00f6sungen. Sowohl im Telekommunikationsbereich, als auch der IT sorgen wir bei unseren Kunden f\u00fcr einen echten Mehrwert durch die eingesetzten Produkte. Unsere Kunden sch\u00e4tzen vor allem unsere schnelle Reaktion und die zuverl\u00e4ssige Umsetzung. Wir betrachten jeden Kunden individuell und beraten ganz nach seinen Bed\u00fcrfnissen. &hellip; <a href=\"https:\/\/oz-it.de\/\" class=\"more-link\"><span class=\"screen-reader-text\">\u201eBeratung &#8211; Realisierung &#8211; Wartung\u201c <\/span>weiterlesen<\/a><\/p>\n","protected":false},"author":1,"featured_media":0,"parent":0,"menu_order":0,"comment_status":"closed","ping_status":"open","template":"","meta":{"_crdt_document":"","footnotes":""},"class_list":["post-2","page","type-page","status-publish","hentry"],"jetpack_sharing_enabled":true,"_links":{"self":[{"href":"https:\/\/oz-it.de\/index.php?rest_route=\/wp\/v2\/pages\/2","targetHints":{"allow":["GET"]}}],"collection":[{"href":"https:\/\/oz-it.de\/index.php?rest_route=\/wp\/v2\/pages"}],"about":[{"href":"https:\/\/oz-it.de\/index.php?rest_route=\/wp\/v2\/types\/page"}],"author":[{"embeddable":true,"href":"https:\/\/oz-it.de\/index.php?rest_route=\/wp\/v2\/users\/1"}],"replies":[{"embeddable":true,"href":"https:\/\/oz-it.de\/index.php?rest_route=%2Fwp%2Fv2%2Fcomments&post=2"}],"version-history":[{"count":8,"href":"https:\/\/oz-it.de\/index.php?rest_route=\/wp\/v2\/pages\/2\/revisions"}],"predecessor-version":[{"id":498,"href":"https:\/\/oz-it.de\/index.php?rest_route=\/wp\/v2\/pages\/2\/revisions\/498"}],"wp:attachment":[{"href":"https:\/\/oz-it.de\/index.php?rest_route=%2Fwp%2Fv2%2Fmedia&parent=2"}],"curies":[{"name":"wp","href":"https:\/\/api.w.org\/{rel}","templated":true}]}}