{"id":37,"date":"2018-12-02T21:15:32","date_gmt":"2018-12-02T21:15:32","guid":{"rendered":"http:\/\/ozit.de\/?page_id=37"},"modified":"2021-02-05T12:26:13","modified_gmt":"2021-02-05T11:26:13","slug":"it-aus-leidenschaft","status":"publish","type":"page","link":"https:\/\/oz-it.de\/?page_id=37","title":{"rendered":"IT aus Leidenschaft"},"content":{"rendered":"<section id=\"h.p_-U5uYVBnaV0Z\" class=\"yaqOZd\">\n<div class=\"mYVXT\">\n<div class=\"LS81yb VICjCf\" tabindex=\"-1\">\n<div class=\"hJDwNd-AhqUyc-uQSCkd purZT-AhqUyc-II5mzb pSzOP-AhqUyc-qWD73c JNdkSc\">\n<div class=\"oKdM2c\">\n<div id=\"h.p_G22goPcFaV0G\" class=\"hJDwNd-AhqUyc-uQSCkd jXK9ad D2fZ2 OjCsFc wHaque GNzUNc\">\n<div class=\"jXK9ad-SmKAyb jXK9ad-SmKAyb-c4YZDc\">\n<div class=\"tyJCtd mGzaTb baZpAe\">\n<p id=\"h.p_eJOZBeADaV0S\" class=\"zfr3Q\">Als Kunde erwarten Sie besten Service auf hohem Niveau. Wir stellen uns auf Ihre Anforderungen ein und bieten Ihnen die komplette Betreuung Ihrer IT, von der Hardwarebeschaffung bis hin zur Betreuung ganzer Netzwerke. Dabei stellen wir Ihre Gesch\u00e4ftsprozesse in den Mittelpunkt.<\/p>\n<p id=\"h.p_hrJIvhE5aaH3\" class=\"zfr3Q\">Mit unseren Partnern leben wir langfristige Partnerschaften. Wir bauen Know-How auf und wenden es in Ihren Projekten konkret an. Dabei setzen wir auf ausgew\u00e4hlte, renommierte Hersteller. F\u00fcr jede Ihrer Anforderung haben wir in einem gro\u00dfen Netzwerk von IT-Spezialisten den passenden f\u00fcr Ihr Projekt. Dabei behalten wir f\u00fcr Sie die Projektkoordination und -steuerung im Auge und sind der Ansprechpartner f\u00fcr Sie und Ihre Fachanwender.<\/p>\n<p id=\"h.p_HpbQf6mQaaH6\" class=\"zfr3Q\">Hier eine Auswahl von Herstellern, mit denen wir besonders intensiv zusammenarbeiten.<\/p>\n<\/div>\n<\/div>\n<\/div>\n<\/div>\n<\/div>\n<\/div>\n<\/div>\n<\/section>\n<section id=\"h.p_G49da6u4byqo\" class=\"yaqOZd\">\n<div class=\"yaqOZd IFuOkc\"><img loading=\"lazy\" decoding=\"async\" class=\"alignnone size-full wp-image-38\" src=\"https:\/\/oz-it.de\/wp-content\/uploads\/2018\/12\/fujitsu.gif\" alt=\"\" width=\"78\" height=\"38\" \/><\/div>\n<div class=\"mYVXT\">\n<div class=\"LS81yb VICjCf\" tabindex=\"-1\">\n<div class=\"hJDwNd-AhqUyc-uQSCkd purZT-AhqUyc-II5mzb pSzOP-AhqUyc-qWD73c JNdkSc\">\n<div class=\"oKdM2c\">\n<div id=\"h.p_Hdb3l4JcbKFr\" class=\"hJDwNd-AhqUyc-uQSCkd jXK9ad D2fZ2 OjCsFc wHaque GNzUNc\">\n<div class=\"jXK9ad-SmKAyb jXK9ad-SmKAyb-c4YZDc\">\n<div class=\"tyJCtd mGzaTb baZpAe\">\n<p id=\"h.p__j2ySGhxbKF9\" class=\"zfr3Q\">Das gibt es noch, das &#8222;German Engineering&#8220; in der IT. Fujitsu fertigt seine in Deutschland entwickelten Systeme im Werk in Augsburg. Fujitsu ist unser zuverl\u00e4ssiger Partner f\u00fcr Server, Notebooks, Desktops und Workstations. Die hohe Qualit\u00e4t der Produkte und der schnelle Service durch deutsche Standorte machen diesen Hersteller zur perfekten Wahl. Gerne pr\u00e4sentieren wir Ihnen einzelne Ger\u00e4te aus dem Portfolio von Fujitsu bei Ihnen vor Ort oder stellen Ihnen Testger\u00e4te zur Verf\u00fcgung, damit Sie sich von der Qualit\u00e4t \u00fcberzeugen k\u00f6nnen.<\/p>\n<\/div>\n<\/div>\n<\/div>\n<\/div>\n<\/div>\n<\/div>\n<\/div>\n<\/section>\n<section id=\"h.p_YAqToUy3btNa\" class=\"yaqOZd\">\n<div class=\"yaqOZd IFuOkc\"><img loading=\"lazy\" decoding=\"async\" class=\"alignnone size-full wp-image-39\" src=\"https:\/\/oz-it.de\/wp-content\/uploads\/2018\/12\/microsoft.jpg\" alt=\"\" width=\"160\" height=\"34\" \/><\/div>\n<div class=\"mYVXT\">\n<div class=\"LS81yb VICjCf\" tabindex=\"-1\">\n<div class=\"hJDwNd-AhqUyc-uQSCkd purZT-AhqUyc-II5mzb pSzOP-AhqUyc-qWD73c JNdkSc\">\n<div class=\"oKdM2c\">\n<div id=\"h.p_3s3nFlKEbtM7\" class=\"hJDwNd-AhqUyc-uQSCkd jXK9ad D2fZ2 OjCsFc wHaque GNzUNc\">\n<div class=\"jXK9ad-SmKAyb jXK9ad-SmKAyb-c4YZDc\">\n<div class=\"tyJCtd mGzaTb baZpAe\">\n<p id=\"h.p_DEeIFNZLbtNI\" class=\"zfr3Q\">Als langj\u00e4hriger Partner pflegen wir einen guten Kontakt zu Microsoft und sind immer auf dem Laufenden, wenn es um Entwicklungen der Software aus dem Hause Microsoft geht. Server, Betriebssystem oder Cloud, Verwaltungssoftware oder B\u00fcroanwendung, wir integrieren die Produkte von Microsoft zu einer L\u00f6sung f\u00fcr Sie. Wir erarbeiten mit Ihnen gerne eine langfristige Strategie Ihrer IT auf Basis von Microsoft Technologien, damit Sie zukunfts- und planungssicher aufgestellt sind.<\/p>\n<\/div>\n<\/div>\n<\/div>\n<\/div>\n<\/div>\n<\/div>\n<\/div>\n<\/section>\n<section id=\"h.p_eKG1l-8Rb3FX\" class=\"yaqOZd\">\n<div class=\"yaqOZd IFuOkc\"><img loading=\"lazy\" decoding=\"async\" class=\"alignnone size-medium wp-image-40\" src=\"https:\/\/oz-it.de\/wp-content\/uploads\/2018\/12\/sophos_logo_pa4_rgb-300x50.png\" alt=\"\" width=\"300\" height=\"50\" srcset=\"https:\/\/oz-it.de\/wp-content\/uploads\/2018\/12\/sophos_logo_pa4_rgb-300x50.png 300w, https:\/\/oz-it.de\/wp-content\/uploads\/2018\/12\/sophos_logo_pa4_rgb.png 413w\" sizes=\"auto, (max-width: 300px) 85vw, 300px\" \/><\/div>\n<div class=\"mYVXT\">\n<div class=\"LS81yb VICjCf\" tabindex=\"-1\">\n<div class=\"hJDwNd-AhqUyc-uQSCkd purZT-AhqUyc-II5mzb pSzOP-AhqUyc-qWD73c JNdkSc\">\n<div class=\"oKdM2c\">\n<div id=\"h.p_J-H9Epyfb3Ek\" class=\"hJDwNd-AhqUyc-uQSCkd jXK9ad D2fZ2 OjCsFc wHaque GNzUNc\">\n<div class=\"jXK9ad-SmKAyb jXK9ad-SmKAyb-c4YZDc\">\n<div class=\"tyJCtd mGzaTb baZpAe\">\n<p id=\"h.p_7ERzm_S6b3E_\" class=\"zfr3Q\">Da Virenschutz oft nur die halbe Miete in einem Sicherheitskonzept ist, sind wir mit unserem Partner SOPHOS ganzheitlich aufgestellt. Neben Basistechnologien wie Virenschutz, Firewall und Spamfilter bieten wir Ihnen mit SOPHOS einfache und g\u00fcnstige L\u00f6sungen f\u00fcr Verschl\u00fcsselungen, WLAN und Standortvernetzungen an, die wir f\u00fcr Sie nicht nur implementieren, sondern auch managen k\u00f6nnen. Damit sind Sie nicht nur sicher, sondern behalten auch den \u00dcberblick \u00fcber Ihre Netzwerkinfrastruktur und die Hoheit \u00fcber Ihre Daten.<\/p>\n<\/div>\n<\/div>\n<\/div>\n<\/div>\n<\/div>\n<\/div>\n<\/div>\n<\/section>\n","protected":false},"excerpt":{"rendered":"<p>Als Kunde erwarten Sie besten Service auf hohem Niveau. Wir stellen uns auf Ihre Anforderungen ein und bieten Ihnen die komplette Betreuung Ihrer IT, von der Hardwarebeschaffung bis hin zur Betreuung ganzer Netzwerke. Dabei stellen wir Ihre Gesch\u00e4ftsprozesse in den Mittelpunkt. Mit unseren Partnern leben wir langfristige Partnerschaften. Wir bauen Know-How auf und wenden es &hellip; <a href=\"https:\/\/oz-it.de\/?page_id=37\" class=\"more-link\"><span class=\"screen-reader-text\">\u201eIT aus Leidenschaft\u201c <\/span>weiterlesen<\/a><\/p>\n","protected":false},"author":1,"featured_media":0,"parent":0,"menu_order":0,"comment_status":"closed","ping_status":"closed","template":"","meta":{"_crdt_document":"","footnotes":""},"class_list":["post-37","page","type-page","status-publish","hentry"],"jetpack_sharing_enabled":true,"_links":{"self":[{"href":"https:\/\/oz-it.de\/index.php?rest_route=\/wp\/v2\/pages\/37","targetHints":{"allow":["GET"]}}],"collection":[{"href":"https:\/\/oz-it.de\/index.php?rest_route=\/wp\/v2\/pages"}],"about":[{"href":"https:\/\/oz-it.de\/index.php?rest_route=\/wp\/v2\/types\/page"}],"author":[{"embeddable":true,"href":"https:\/\/oz-it.de\/index.php?rest_route=\/wp\/v2\/users\/1"}],"replies":[{"embeddable":true,"href":"https:\/\/oz-it.de\/index.php?rest_route=%2Fwp%2Fv2%2Fcomments&post=37"}],"version-history":[{"count":2,"href":"https:\/\/oz-it.de\/index.php?rest_route=\/wp\/v2\/pages\/37\/revisions"}],"predecessor-version":[{"id":496,"href":"https:\/\/oz-it.de\/index.php?rest_route=\/wp\/v2\/pages\/37\/revisions\/496"}],"wp:attachment":[{"href":"https:\/\/oz-it.de\/index.php?rest_route=%2Fwp%2Fv2%2Fmedia&parent=37"}],"curies":[{"name":"wp","href":"https:\/\/api.w.org\/{rel}","templated":true}]}}