{"id":49,"date":"2018-12-02T21:21:54","date_gmt":"2018-12-02T21:21:54","guid":{"rendered":"http:\/\/ozit.de\/?page_id=49"},"modified":"2023-04-27T16:11:43","modified_gmt":"2023-04-27T14:11:43","slug":"schnell-kompetent","status":"publish","type":"page","link":"https:\/\/oz-it.de\/?page_id=49","title":{"rendered":"Schnell &#038; kompetent"},"content":{"rendered":"<section id=\"h.p_1HU4pMwBc7Sl\" class=\"yaqOZd\">\n<div class=\"mYVXT\">\n<div class=\"LS81yb VICjCf\" tabindex=\"-1\">\n<div class=\"hJDwNd-AhqUyc-uQSCkd purZT-AhqUyc-II5mzb pSzOP-AhqUyc-qWD73c JNdkSc\">\n<div class=\"oKdM2c\">\n<div id=\"h.p_Hz-3Z7q8c7SZ\" class=\"hJDwNd-AhqUyc-uQSCkd jXK9ad D2fZ2 OjCsFc wHaque GNzUNc\">\n<div class=\"jXK9ad-SmKAyb jXK9ad-SmKAyb-c4YZDc\">\n<div class=\"tyJCtd mGzaTb baZpAe\">\n<p id=\"h.p_FdhFAIire6b3\" class=\"zfr3Q\">Gerne helfen wir Ihnen bei Problemen mit Ihrem PC , der Telefonanlage oder VPN. Unser breites Know How Spektrum deckt eine Vielzahl L\u00f6sungsm\u00f6glichkeiten Ihrer verschiedensten Probleme ab. Oft k\u00f6nnen wir Ihnen durch eine kurze Fernwartungssitzung helfen und Sie sparen sich kostenintensive Vor-Ort Eins\u00e4tze.<\/p>\n<\/div>\n<\/div>\n<\/div>\n<\/div>\n<\/div>\n<\/div>\n<\/div>\n<\/section>\n<section id=\"h.p_bUpCdlBUcHZ_\" class=\"yaqOZd\">\n<div class=\"yaqOZd IFuOkc\"><\/div>\n<div class=\"mYVXT\">\n<div class=\"LS81yb VICjCf\" tabindex=\"-1\">\n<div class=\"hJDwNd-AhqUyc-uQSCkd purZT-AhqUyc-II5mzb pSzOP-AhqUyc-qWD73c JNdkSc\">\n<div class=\"oKdM2c\">\n<div id=\"h.p_laqHBEqBcHZ1\" class=\"hJDwNd-AhqUyc-uQSCkd jXK9ad D2fZ2 OjCsFc wHaque GNzUNc\">\n<div class=\"jXK9ad-SmKAyb jXK9ad-SmKAyb-c4YZDc\">\n<div class=\"tyJCtd mGzaTb baZpAe\">\n<p id=\"h.p_9hrgjQRrcHZ9\" class=\"zfr3Q\"><strong><u>So unkompliziert l\u00e4uft unsere Fernwartung<\/u><\/strong><\/p>\n<ul class=\"n8H08c UVNKR\">\n<li style=\"list-style-type: none;\">\n<ul class=\"n8H08c UVNKR\">\n<li id=\"h.p_ijgALKzscIAa\" class=\"zfr3Q TYR86d\">Rufen Sie uns an unter +49 (0)2151 4545-840<\/li>\n<\/ul>\n<\/li>\n<\/ul>\n<ul class=\"n8H08c UVNKR\">\n<li id=\"h.p_NpqJeOafcIAc\" class=\"zfr3Q TYR86d\">Danach teilen Sie Ihrem Partner die Daten aus unserer Fernwartungssoftware mit<\/li>\n<\/ul>\n<ul>\n<li id=\"h.p_KpZwc-gPdISR\" class=\"zfr3Q\">Mit Ihrer Kontaktaufnahme erkl\u00e4ren Sie sich mit unseren <a class=\"dhtgD\" href=\"https:\/\/oz-it.de\/?page_id=66\">Erkl\u00e4rungen zum Datenschutz<\/a> einverstanden.<\/li>\n<\/ul>\n<p><!-- TeamViewer Logo (generated at https:\/\/www.teamviewer.com) --><\/p>\n<div style=\"position: relative; width: 234px; height: 60px;\"><a style=\"text-decoration: none;\" href=\"https:\/\/www.teamviewer.com\/link\/?url=505374&amp;id=1682604459810\"> <img loading=\"lazy\" decoding=\"async\" title=\"Download TeamViewer QuickSupport\" src=\"https:\/\/static.teamviewer.com\/resources\/badges\/teamviewer_badge_flat4.png\" alt=\"Download TeamViewer QuickSupport\" width=\"234\" height=\"60\" border=\"0\" \/> <\/a><\/div>\n<ul>\n<li>Nach der Fernwartungssitzung wird die Verbindung komplett abgebaut und Ihr Rechner geh\u00f6rt wieder vollkommen Ihnen.<\/li>\n<\/ul>\n<\/div>\n<\/div>\n<\/div>\n<\/div>\n<\/div>\n<\/div>\n<\/div>\n<\/section>\n","protected":false},"excerpt":{"rendered":"<p>Gerne helfen wir Ihnen bei Problemen mit Ihrem PC , der Telefonanlage oder VPN. Unser breites Know How Spektrum deckt eine Vielzahl L\u00f6sungsm\u00f6glichkeiten Ihrer verschiedensten Probleme ab. Oft k\u00f6nnen wir Ihnen durch eine kurze Fernwartungssitzung helfen und Sie sparen sich kostenintensive Vor-Ort Eins\u00e4tze. So unkompliziert l\u00e4uft unsere Fernwartung Rufen Sie uns an unter +49 (0)2151 &hellip; <a href=\"https:\/\/oz-it.de\/?page_id=49\" class=\"more-link\"><span class=\"screen-reader-text\">\u201eSchnell &#038; kompetent\u201c <\/span>weiterlesen<\/a><\/p>\n","protected":false},"author":1,"featured_media":0,"parent":0,"menu_order":0,"comment_status":"closed","ping_status":"closed","template":"","meta":{"_crdt_document":"","footnotes":""},"class_list":["post-49","page","type-page","status-publish","hentry"],"jetpack_sharing_enabled":true,"_links":{"self":[{"href":"https:\/\/oz-it.de\/index.php?rest_route=\/wp\/v2\/pages\/49","targetHints":{"allow":["GET"]}}],"collection":[{"href":"https:\/\/oz-it.de\/index.php?rest_route=\/wp\/v2\/pages"}],"about":[{"href":"https:\/\/oz-it.de\/index.php?rest_route=\/wp\/v2\/types\/page"}],"author":[{"embeddable":true,"href":"https:\/\/oz-it.de\/index.php?rest_route=\/wp\/v2\/users\/1"}],"replies":[{"embeddable":true,"href":"https:\/\/oz-it.de\/index.php?rest_route=%2Fwp%2Fv2%2Fcomments&post=49"}],"version-history":[{"count":7,"href":"https:\/\/oz-it.de\/index.php?rest_route=\/wp\/v2\/pages\/49\/revisions"}],"predecessor-version":[{"id":676,"href":"https:\/\/oz-it.de\/index.php?rest_route=\/wp\/v2\/pages\/49\/revisions\/676"}],"wp:attachment":[{"href":"https:\/\/oz-it.de\/index.php?rest_route=%2Fwp%2Fv2%2Fmedia&parent=49"}],"curies":[{"name":"wp","href":"https:\/\/api.w.org\/{rel}","templated":true}]}}