{"id":58,"date":"2018-12-02T21:25:29","date_gmt":"2018-12-02T21:25:29","guid":{"rendered":"http:\/\/ozit.de\/?page_id=58"},"modified":"2018-12-03T12:16:47","modified_gmt":"2018-12-03T12:16:47","slug":"alles-aus-einer-hand","status":"publish","type":"page","link":"https:\/\/oz-it.de\/?page_id=58","title":{"rendered":"Alles aus einer Hand"},"content":{"rendered":"<p>Wir sind \u00fcberzeugt davon dass unsere Kunden sich besser auf ihr Gesch\u00e4ft konzentrieren k\u00f6nnen, wenn sie eine funktionieren Infrastruktur besitzen. Ein leistungsf\u00e4higes Netz, aktuelle und sicher Server sowie eine agile Telefoniel\u00f6sung befreien Mitarbeiter von Frust und steigern die Produktivit\u00e4t.<\/p>\n<p>OZ-IT sorgt mit kleinen Spezialistenteams f\u00fcr einen Reibungslosen IT Betrieb. Von Design \u00fcber die Beschaffung bis hin zum Betrieb betreuen wir unsere Kunden ganzheitlich. Hierzu nutzen wir unsere Ressourcen bei Partnern und freien Mitarbeitern unserer IT-Allianz. Wir kanalisieren die W\u00fcnsche unserer Kunden und bringen dann die passenden Spezialisten zusammen, um eine bestm\u00f6gliche L\u00f6sung zu etablieren.<\/p>\n","protected":false},"excerpt":{"rendered":"<p>Wir sind \u00fcberzeugt davon dass unsere Kunden sich besser auf ihr Gesch\u00e4ft konzentrieren k\u00f6nnen, wenn sie eine funktionieren Infrastruktur besitzen. Ein leistungsf\u00e4higes Netz, aktuelle und sicher Server sowie eine agile Telefoniel\u00f6sung befreien Mitarbeiter von Frust und steigern die Produktivit\u00e4t. OZ-IT sorgt mit kleinen Spezialistenteams f\u00fcr einen Reibungslosen IT Betrieb. Von Design \u00fcber die Beschaffung bis &hellip; <a href=\"https:\/\/oz-it.de\/?page_id=58\" class=\"more-link\"><span class=\"screen-reader-text\">\u201eAlles aus einer Hand\u201c <\/span>weiterlesen<\/a><\/p>\n","protected":false},"author":1,"featured_media":0,"parent":0,"menu_order":0,"comment_status":"closed","ping_status":"closed","template":"","meta":{"_crdt_document":"","footnotes":""},"class_list":["post-58","page","type-page","status-publish","hentry"],"jetpack_sharing_enabled":true,"_links":{"self":[{"href":"https:\/\/oz-it.de\/index.php?rest_route=\/wp\/v2\/pages\/58","targetHints":{"allow":["GET"]}}],"collection":[{"href":"https:\/\/oz-it.de\/index.php?rest_route=\/wp\/v2\/pages"}],"about":[{"href":"https:\/\/oz-it.de\/index.php?rest_route=\/wp\/v2\/types\/page"}],"author":[{"embeddable":true,"href":"https:\/\/oz-it.de\/index.php?rest_route=\/wp\/v2\/users\/1"}],"replies":[{"embeddable":true,"href":"https:\/\/oz-it.de\/index.php?rest_route=%2Fwp%2Fv2%2Fcomments&post=58"}],"version-history":[{"count":2,"href":"https:\/\/oz-it.de\/index.php?rest_route=\/wp\/v2\/pages\/58\/revisions"}],"predecessor-version":[{"id":75,"href":"https:\/\/oz-it.de\/index.php?rest_route=\/wp\/v2\/pages\/58\/revisions\/75"}],"wp:attachment":[{"href":"https:\/\/oz-it.de\/index.php?rest_route=%2Fwp%2Fv2%2Fmedia&parent=58"}],"curies":[{"name":"wp","href":"https:\/\/api.w.org\/{rel}","templated":true}]}}