{"id":60,"date":"2018-12-02T21:30:34","date_gmt":"2018-12-02T21:30:34","guid":{"rendered":"http:\/\/ozit.de\/?page_id=60"},"modified":"2021-02-05T12:25:06","modified_gmt":"2021-02-05T11:25:06","slug":"telekommunikation-aus-familientradition","status":"publish","type":"page","link":"https:\/\/oz-it.de\/?page_id=60","title":{"rendered":"Telekommunikation aus Familientradition"},"content":{"rendered":"<p id=\"h.p_Dnt7pIc9ys99\" class=\"zfr3Q\"><img loading=\"lazy\" decoding=\"async\" class=\"size-full wp-image-61 alignleft\" src=\"https:\/\/oz-it.de\/wp-content\/uploads\/2018\/12\/christian.jpg\" alt=\"\" width=\"156\" height=\"195\" \/>\u00dcber 10 Jahre leitete Christian Offenberg die Firma Pleger Telekommunikation in zweiter Generation. Die damit verbundene Verantwortung gegen\u00fcber dem Kunden und die dauerhafte Qualit\u00e4t seiner Dienstleistungen f\u00fchrt er auch in der Offenberg &amp; Zander GbR fort.<\/p>\n<p id=\"h.p_Fqoo1ozJyvLP\" class=\"zfr3Q\">Herr Offenberg sieht die Verschmelzung von EDV und Telekommunikation innerhalb des Angebots der OZ-IT als echten Mehrwert f\u00fcr die Kunden.<\/p>\n<p id=\"h.p_QG1f4CGdyvLZ\" class=\"zfr3Q\">eMail: <a class=\"dhtgD\" target=\"_blank\" rel=\"noopener\">c.offenberg@oz-it.de<\/a><\/p>\n","protected":false},"excerpt":{"rendered":"<p>\u00dcber 10 Jahre leitete Christian Offenberg die Firma Pleger Telekommunikation in zweiter Generation. Die damit verbundene Verantwortung gegen\u00fcber dem Kunden und die dauerhafte Qualit\u00e4t seiner Dienstleistungen f\u00fchrt er auch in der Offenberg &amp; Zander GbR fort. Herr Offenberg sieht die Verschmelzung von EDV und Telekommunikation innerhalb des Angebots der OZ-IT als echten Mehrwert f\u00fcr die &hellip; <a href=\"https:\/\/oz-it.de\/?page_id=60\" class=\"more-link\"><span class=\"screen-reader-text\">\u201eTelekommunikation aus Familientradition\u201c <\/span>weiterlesen<\/a><\/p>\n","protected":false},"author":1,"featured_media":0,"parent":58,"menu_order":0,"comment_status":"closed","ping_status":"closed","template":"","meta":{"_crdt_document":"","footnotes":""},"class_list":["post-60","page","type-page","status-publish","hentry"],"jetpack_sharing_enabled":true,"_links":{"self":[{"href":"https:\/\/oz-it.de\/index.php?rest_route=\/wp\/v2\/pages\/60","targetHints":{"allow":["GET"]}}],"collection":[{"href":"https:\/\/oz-it.de\/index.php?rest_route=\/wp\/v2\/pages"}],"about":[{"href":"https:\/\/oz-it.de\/index.php?rest_route=\/wp\/v2\/types\/page"}],"author":[{"embeddable":true,"href":"https:\/\/oz-it.de\/index.php?rest_route=\/wp\/v2\/users\/1"}],"replies":[{"embeddable":true,"href":"https:\/\/oz-it.de\/index.php?rest_route=%2Fwp%2Fv2%2Fcomments&post=60"}],"version-history":[{"count":2,"href":"https:\/\/oz-it.de\/index.php?rest_route=\/wp\/v2\/pages\/60\/revisions"}],"predecessor-version":[{"id":495,"href":"https:\/\/oz-it.de\/index.php?rest_route=\/wp\/v2\/pages\/60\/revisions\/495"}],"up":[{"embeddable":true,"href":"https:\/\/oz-it.de\/index.php?rest_route=\/wp\/v2\/pages\/58"}],"wp:attachment":[{"href":"https:\/\/oz-it.de\/index.php?rest_route=%2Fwp%2Fv2%2Fmedia&parent=60"}],"curies":[{"name":"wp","href":"https:\/\/api.w.org\/{rel}","templated":true}]}}