{"id":84,"date":"2018-12-03T14:06:18","date_gmt":"2018-12-03T14:06:18","guid":{"rendered":"http:\/\/ozit.de\/?page_id=84"},"modified":"2025-09-08T12:42:47","modified_gmt":"2025-09-08T10:42:47","slug":"viele-wege-zu-ihrem-ziel","status":"publish","type":"page","link":"https:\/\/oz-it.de\/?page_id=84","title":{"rendered":"Viele Wege zu Ihrem Ziel"},"content":{"rendered":"\n<p class=\"wp-block-paragraph\">Zu unseren Gesch\u00e4ftszeiten sind wir gerne f\u00fcr Sie pers\u00f6nlich da:<br>Montag \u2013 Freitag 08:30 Uhr bis 18:30 Uhr<\/p>\n\n\n\n<p class=\"wp-block-paragraph\">Leutefeldstra\u00dfe 25, 47800 Krefeld<br>Tel.: +49 2151 4545-840<br>eMail: info@oz-it.de<\/p>\n\n\n\n<p class=\"zfr3Q wp-block-paragraph\" id=\"h.p_NKIZ91lNxBBh\">Wir sind aus dem Ruhrgebiet, sowie dem Niederrhein und der Euregio ideal per Auto, Bahn oder Flug zu erreichen.<\/p>\n\n\n\n<p class=\"zfr3Q wp-block-paragraph\" id=\"h.p_AapuxwyzxBBt\">Wenn Sie Fragen zu unserem Standort haben, rufen Sie uns <br>unter +49 2151 4545-840 an. Wir helfen Ihnen gerne weiter.<\/p>\n\n\n\n<p class=\"zfr3Q wp-block-paragraph\" id=\"h.p_xrWAo5l_xBDQ\"><\/p>\n","protected":false},"excerpt":{"rendered":"<p>Zu unseren Gesch\u00e4ftszeiten sind wir gerne f\u00fcr Sie pers\u00f6nlich da:Montag \u2013 Freitag 08:30 Uhr bis 18:30 Uhr Leutefeldstra\u00dfe 25, 47800 KrefeldTel.: +49 2151 4545-840eMail: info@oz-it.de Wir sind aus dem Ruhrgebiet, sowie dem Niederrhein und der Euregio ideal per Auto, Bahn oder Flug zu erreichen. Wenn Sie Fragen zu unserem Standort haben, rufen Sie uns unter &hellip; <a href=\"https:\/\/oz-it.de\/?page_id=84\" class=\"more-link\"><span class=\"screen-reader-text\">\u201eViele Wege zu Ihrem Ziel\u201c <\/span>weiterlesen<\/a><\/p>\n","protected":false},"author":1,"featured_media":0,"parent":0,"menu_order":0,"comment_status":"closed","ping_status":"closed","template":"","meta":{"_crdt_document":"","footnotes":""},"class_list":["post-84","page","type-page","status-publish","hentry"],"jetpack_sharing_enabled":true,"_links":{"self":[{"href":"https:\/\/oz-it.de\/index.php?rest_route=\/wp\/v2\/pages\/84","targetHints":{"allow":["GET"]}}],"collection":[{"href":"https:\/\/oz-it.de\/index.php?rest_route=\/wp\/v2\/pages"}],"about":[{"href":"https:\/\/oz-it.de\/index.php?rest_route=\/wp\/v2\/types\/page"}],"author":[{"embeddable":true,"href":"https:\/\/oz-it.de\/index.php?rest_route=\/wp\/v2\/users\/1"}],"replies":[{"embeddable":true,"href":"https:\/\/oz-it.de\/index.php?rest_route=%2Fwp%2Fv2%2Fcomments&post=84"}],"version-history":[{"count":28,"href":"https:\/\/oz-it.de\/index.php?rest_route=\/wp\/v2\/pages\/84\/revisions"}],"predecessor-version":[{"id":775,"href":"https:\/\/oz-it.de\/index.php?rest_route=\/wp\/v2\/pages\/84\/revisions\/775"}],"wp:attachment":[{"href":"https:\/\/oz-it.de\/index.php?rest_route=%2Fwp%2Fv2%2Fmedia&parent=84"}],"curies":[{"name":"wp","href":"https:\/\/api.w.org\/{rel}","templated":true}]}}